{"id":168,"date":"2018-05-03T12:58:23","date_gmt":"2018-05-03T10:58:23","guid":{"rendered":"https:\/\/finkenborn.hameln.de\/index.php\/mesmerize\/"},"modified":"2020-01-30T16:24:06","modified_gmt":"2020-01-30T15:24:06","slug":"finkenborn-hameln-de","status":"publish","type":"page","link":"https:\/\/finkenborn.hameln.de\/","title":{"rendered":"Das Jugendg\u00e4stehaus Finkenborn"},"content":{"rendered":"<div id=\"overlappable-4\" class=\"overlappable-4 content-section content-section-spacing\" style=\"background-color: #ffffff;\" data-label=\"Overlappable\" data-id=\"overlappable-4\" data-export-id=\"overlappable-4\" data-category=\"overlappable\" data-overlap=\"true\">\n<div class=\"gridContainer\">\n<div class=\"row spaced-cols text-center\" data-type=\"row\">\n<div class=\"col-xs-12 col-sm-4 col-padding\">\n<div class=\"\" data-type=\"column\">\n<p>Es liegt wirklich einzigartig! Mitten im Stadtforst gelegen auf Hamelns Hausberg, dem \u201eKl\u00fct\u201c, befindet sich das \u00fcber 90 Jahre alte Jugendg\u00e4stehaus Finkenborn mit seiner besonderen Geschichte.<\/p>\n<\/div>\n<\/div>\n<p>Das zu allen Jahreszeiten attraktive Selbstversorgerhaus in sch\u00f6nster Natur kann zur alleinigen Nutzung in Eigenverantwortung gemietet werden und l\u00e4sst eine vielf\u00e4ltige Nutzung zu. Hinzu kommt die \u201esagenhafte\u201c Stadt Hameln, die tolle Freizeit- und Kulturangebote f\u00fcr einen interessanten Aufenthalt bereitstellt. Mit seiner vielf\u00e4ltigen Ausstattung bietet das Jugendg\u00e4stehaus seinen Gruppen aus KiTas, Schulen, Jugendverb\u00e4nden und Familien ideale Voraussetzungen zum Spielen, Erkunden der Natur, Lernen, Fortbildung, Gruppenerleben und mehr\u2026<\/p>\n<p>Na, neugierig geworden?<br \/>\nBitte kontaktieren Sie uns!<\/p>\n<!-- default-view.php -->\n<div\n\tclass=\"ngg-galleryoverview default-view \"\n\tid=\"ngg-gallery-85ecc10c24e7e708dad979025c0f8507-1\">\n\n\t\t<!-- Thumbnails -->\n\t\t\t\t<div id=\"ngg-image-0\" class=\"ngg-gallery-thumbnail-box \" >\n\t\t\t\t        <div class=\"ngg-gallery-thumbnail\">\n            <a href=\"https:\/\/finkenborn.hameln.de\/wp-content\/gallery\/ueberbilck\/%C3%9Cberblick-Finkenborn.png\"\n               title=\"\"\n               data-src=\"https:\/\/finkenborn.hameln.de\/wp-content\/gallery\/ueberbilck\/%C3%9Cberblick-Finkenborn.png\"\n               data-thumbnail=\"https:\/\/finkenborn.hameln.de\/wp-content\/gallery\/ueberbilck\/thumbs\/thumbs_%C3%9Cberblick-Finkenborn.png\"\n               data-image-id=\"42\"\n               data-title=\"\u00dcberblick-Finkenborn\"\n               data-description=\"\"\n               data-image-slug=\"%c3%bcberblick-finkenborn-1\"\n               class=\"ngg-simplelightbox\" rel=\"85ecc10c24e7e708dad979025c0f8507\">\n                <img\n                    title=\"\u00dcberblick-Finkenborn\"\n                    alt=\"\u00dcberblick-Finkenborn\"\n                    src=\"https:\/\/finkenborn.hameln.de\/wp-content\/gallery\/ueberbilck\/thumbs\/thumbs_%C3%9Cberblick-Finkenborn.png\"\n                    width=\"240\"\n                    height=\"160\"\n                    style=\"max-width:100%;\"\n                \/>\n            <\/a>\n        <\/div>\n\t\t\t\t\t\t\t<\/div> \n\t\t\t\n\t\t\t\t<div id=\"ngg-image-1\" class=\"ngg-gallery-thumbnail-box \" >\n\t\t\t\t        <div class=\"ngg-gallery-thumbnail\">\n            <a href=\"https:\/\/finkenborn.hameln.de\/wp-content\/gallery\/ueberbilck\/P8092141.JPG\"\n               title=\"\"\n               data-src=\"https:\/\/finkenborn.hameln.de\/wp-content\/gallery\/ueberbilck\/P8092141.JPG\"\n               data-thumbnail=\"https:\/\/finkenborn.hameln.de\/wp-content\/gallery\/ueberbilck\/thumbs\/thumbs_P8092141.JPG\"\n               data-image-id=\"43\"\n               data-title=\"Der Innenhof\"\n               data-description=\"\"\n               data-image-slug=\"p8092141\"\n               class=\"ngg-simplelightbox\" rel=\"85ecc10c24e7e708dad979025c0f8507\">\n                <img\n                    title=\"Der Innenhof\"\n                    alt=\"Der Innenhof\"\n                    src=\"https:\/\/finkenborn.hameln.de\/wp-content\/gallery\/ueberbilck\/thumbs\/thumbs_P8092141.JPG\"\n                    width=\"240\"\n                    height=\"160\"\n                    style=\"max-width:100%;\"\n                \/>\n            <\/a>\n        <\/div>\n\t\t\t\t\t\t\t<\/div> \n\t\t\t\n\t\t\t\t<div id=\"ngg-image-2\" class=\"ngg-gallery-thumbnail-box \" >\n\t\t\t\t        <div class=\"ngg-gallery-thumbnail\">\n            <a href=\"https:\/\/finkenborn.hameln.de\/wp-content\/gallery\/ueberbilck\/IMG_8349.JPG\"\n               title=\"\"\n               data-src=\"https:\/\/finkenborn.hameln.de\/wp-content\/gallery\/ueberbilck\/IMG_8349.JPG\"\n               data-thumbnail=\"https:\/\/finkenborn.hameln.de\/wp-content\/gallery\/ueberbilck\/thumbs\/thumbs_IMG_8349.JPG\"\n               data-image-id=\"44\"\n               data-title=\"Von au\u00dfen\"\n               data-description=\"\"\n               data-image-slug=\"img_8349\"\n               class=\"ngg-simplelightbox\" rel=\"85ecc10c24e7e708dad979025c0f8507\">\n                <img\n                    title=\"Von au\u00dfen\"\n                    alt=\"Von au\u00dfen\"\n                    src=\"https:\/\/finkenborn.hameln.de\/wp-content\/gallery\/ueberbilck\/thumbs\/thumbs_IMG_8349.JPG\"\n                    width=\"240\"\n                    height=\"160\"\n                    style=\"max-width:100%;\"\n                \/>\n            <\/a>\n        <\/div>\n\t\t\t\t\t\t\t<\/div> \n\t\t\t\n\t\t\t\t<div id=\"ngg-image-3\" class=\"ngg-gallery-thumbnail-box \" >\n\t\t\t\t        <div class=\"ngg-gallery-thumbnail\">\n            <a href=\"https:\/\/finkenborn.hameln.de\/wp-content\/gallery\/ueberbilck\/IMG_8334.JPG\"\n               title=\"\"\n               data-src=\"https:\/\/finkenborn.hameln.de\/wp-content\/gallery\/ueberbilck\/IMG_8334.JPG\"\n               data-thumbnail=\"https:\/\/finkenborn.hameln.de\/wp-content\/gallery\/ueberbilck\/thumbs\/thumbs_IMG_8334.JPG\"\n               data-image-id=\"49\"\n               data-title=\"Bilck \u00fcber die Wiese\"\n               data-description=\"\"\n               data-image-slug=\"img_8334\"\n               class=\"ngg-simplelightbox\" rel=\"85ecc10c24e7e708dad979025c0f8507\">\n                <img\n                    title=\"Bilck \u00fcber die Wiese\"\n                    alt=\"Bilck \u00fcber die Wiese\"\n                    src=\"https:\/\/finkenborn.hameln.de\/wp-content\/gallery\/ueberbilck\/thumbs\/thumbs_IMG_8334.JPG\"\n                    width=\"240\"\n                    height=\"160\"\n                    style=\"max-width:100%;\"\n                \/>\n            <\/a>\n        <\/div>\n\t\t\t\t\t\t\t<\/div> \n\t\t\t\n\t\n\t<br style=\"clear: both\" \/>\n\n\t\n\t\t<!-- Pagination -->\n\t<div class='ngg-clear'><\/div>\t<\/div>\n\n<\/div>\n<\/div>\n<\/div>\n<div id=\"about-1\" class=\"about-1 content-section content-section-spacing\" style=\"background-color: #f5fafd; background-image: none;\" data-label=\"About\" data-id=\"about-1\" data-export-id=\"about-1\" data-category=\"about\">\n<div class=\"gridContainer\">\n<div class=\"row\">\n<div class=\"col-xs bottom-xs flexbox image-group-bottom-3-img space-bottom-xs center-xs\">&nbsp;<\/div>\n<\/div>\n<\/div>\n<\/div>\n<div id=\"testimonials-5\" class=\"testimonials-5 content-section content-section-spacing\" style=\"background-color: #ffffff; background-image: none;\" data-label=\"Testimonials\" data-id=\"testimonials-5\" data-export-id=\"testimonials-5\" data-category=\"testimonials\">\n<div class=\"gridContainer\">\n<div class=\"row\">\n<div class=\"section-title-col\" data-type=\"column\">\n<h2 class=\"\">Stimmen zum Haus<\/h2>\n<p class=\"lead\">Glauben Sie nicht uns \u2013 glauben Sie den Nutzern<\/p>\n<\/div>\n<\/div>\n<div class=\"row spaced-cols content-center-sm\" data-type=\"row\">\n<div class=\"col-sm-4 col-md-6 \">\n<div data-type=\"column\">&nbsp;<\/div>\n<div class=\"card y-move bordered\" data-type=\"column\"><i class=\"fa fa-quote-right icon color1 small\"><\/i><\/p>\n<p class=\"text-center\">&#8222;Diese urige und besondere Atmosph\u00e4re macht den Aufenthalt so wertvoll\u2026&#8220;<\/p>\n<h6 class=\"\">Carsten B., 22 Jahre<\/h6>\n<p class=\"small italic\">Jugendgruppenleiter<\/p>\n<\/div>\n<\/div>\n<div class=\"col-sm-4 col-md-6 \">\n<div data-type=\"column\">&nbsp;<\/div>\n<div class=\"card y-move bordered\" data-type=\"column\"><i class=\"fa fa-quote-right icon color1 small\"><\/i><\/p>\n<p class=\"text-center\">&#8222;Das Haus ist alt, aber voll gem\u00fctlich\u2026&#8220;<\/p>\n<h6 class=\"\">Sabrina M., 12 Jahre alt<\/h6>\n<p class=\"small italic\">Sch\u00fclerin<\/p>\n<\/div>\n<\/div>\n<div class=\"col-sm-4 col-md-6 \">\n<div data-type=\"column\">&nbsp;<\/div>\n<div class=\"card y-move bordered\" data-type=\"column\"><i class=\"fa fa-quote-right icon color1 small\"><\/i><\/p>\n<p class=\"text-center\">&#8222;Die Freiheiten, M\u00f6glichkeiten und Mietbedingungen sind einfach nur gut&#8220;<\/p>\n<h6 class=\"\">Eva L., 37 Jahre<\/h6>\n<p class=\"small italic\">Mutter und Organisatorin einer Familienfreizeit<\/p>\n<\/div>\n<\/div>\n<div class=\"col-sm-4 col-md-6 \">\n<div data-type=\"column\">&nbsp;<\/div>\n<div class=\"card y-move bordered\" data-type=\"column\"><i class=\"fa fa-quote-right icon color1 small\"><\/i><\/p>\n<p class=\"text-center\">&#8222;Die exponierte naturnahe Lage mit der attraktiven Stadt in der N\u00e4he spricht seit Jahren f\u00fcr den Finkenborn\u2026&#8220;<\/p>\n<h6 class=\"\">Gudrun S., 47 Jahre<\/h6>\n<p class=\"small italic\">Lehrerin<\/p>\n<\/div>\n<\/div>\n<\/div>\n<\/div>\n<\/div>\n","protected":false},"excerpt":{"rendered":"<p>Es liegt wirklich einzigartig! Mitten im Stadtforst gelegen auf Hamelns Hausberg, dem \u201eKl\u00fct\u201c, befindet sich das \u00fcber 90 Jahre alte Jugendg\u00e4stehaus Finkenborn mit seiner besonderen Geschichte. Das zu allen Jahreszeiten attraktive Selbstversorgerhaus in sch\u00f6nster Natur kann zur alleinigen Nutzung in Eigenverantwortung gemietet werden und l\u00e4sst eine vielf\u00e4ltige Nutzung zu. Hinzu kommt die \u201esagenhafte\u201c Stadt Hameln, [&hellip;]<\/p>\n","protected":false},"author":2,"featured_media":0,"parent":0,"menu_order":0,"comment_status":"closed","ping_status":"closed","template":"","meta":{"ngg_post_thumbnail":0},"yoast_head":"<!-- This site is optimized with the Yoast SEO plugin v15.6.2 - https:\/\/yoast.com\/wordpress\/plugins\/seo\/ -->\n<title>Das Jugendg\u00e4stehaus Finkenborn - Finkenborn<\/title>\n<meta name=\"description\" content=\"Das Jugendg\u00e4stehaus Finkenborn der Stadt Hameln. Inmitten des Waldes, weit ab vom Trubel des Alltags und doch in Hamelns N\u00e4he.\" \/>\n<meta name=\"robots\" content=\"index, follow, max-snippet:-1, max-image-preview:large, max-video-preview:-1\" \/>\n<link rel=\"canonical\" href=\"https:\/\/finkenborn.hameln.de\/\" \/>\n<meta property=\"og:locale\" content=\"de_DE\" \/>\n<meta property=\"og:type\" content=\"article\" \/>\n<meta property=\"og:title\" content=\"Das Jugendg\u00e4stehaus Finkenborn - Finkenborn\" \/>\n<meta property=\"og:description\" content=\"Das Jugendg\u00e4stehaus Finkenborn der Stadt Hameln. Inmitten des Waldes, weit ab vom Trubel des Alltags und doch in Hamelns N\u00e4he.\" \/>\n<meta property=\"og:url\" content=\"https:\/\/finkenborn.hameln.de\/\" \/>\n<meta property=\"og:site_name\" content=\"Finkenborn\" \/>\n<meta property=\"article:publisher\" content=\"https:\/\/de-de.facebook.com\/Hameln\/\" \/>\n<meta property=\"article:modified_time\" content=\"2020-01-30T15:24:06+00:00\" \/>\n<meta name=\"twitter:card\" content=\"summary_large_image\" \/>\n<meta name=\"twitter:label1\" content=\"Gesch\u00e4tzte Lesezeit\">\n\t<meta name=\"twitter:data1\" content=\"1\u00a0Minute\">\n<script type=\"application\/ld+json\" class=\"yoast-schema-graph\">{\"@context\":\"https:\/\/schema.org\",\"@graph\":[{\"@type\":\"Organization\",\"@id\":\"https:\/\/finkenborn.hameln.de\/#organization\",\"name\":\"Stadt Hameln\",\"url\":\"https:\/\/finkenborn.hameln.de\/\",\"sameAs\":[\"https:\/\/de-de.facebook.com\/Hameln\/\"],\"logo\":{\"@type\":\"ImageObject\",\"@id\":\"https:\/\/finkenborn.hameln.de\/#logo\",\"inLanguage\":\"de\",\"url\":\"https:\/\/finkenborn.hameln.de\/wp-content\/uploads\/2018\/05\/StadtHameln_Logo_rgb_250x95px.png\",\"width\":250,\"height\":95,\"caption\":\"Stadt Hameln\"},\"image\":{\"@id\":\"https:\/\/finkenborn.hameln.de\/#logo\"}},{\"@type\":\"WebSite\",\"@id\":\"https:\/\/finkenborn.hameln.de\/#website\",\"url\":\"https:\/\/finkenborn.hameln.de\/\",\"name\":\"Jugendg\\u00e4stehaus Finkenborn\",\"description\":\" Jugendg\\u00e4stehaus der Stadt Hameln\",\"publisher\":{\"@id\":\"https:\/\/finkenborn.hameln.de\/#organization\"},\"potentialAction\":[{\"@type\":\"SearchAction\",\"target\":\"https:\/\/finkenborn.hameln.de\/?s={search_term_string}\",\"query-input\":\"required name=search_term_string\"}],\"inLanguage\":\"de\"},{\"@type\":\"WebPage\",\"@id\":\"https:\/\/finkenborn.hameln.de\/#webpage\",\"url\":\"https:\/\/finkenborn.hameln.de\/\",\"name\":\"Das Jugendg\\u00e4stehaus Finkenborn - Finkenborn\",\"isPartOf\":{\"@id\":\"https:\/\/finkenborn.hameln.de\/#website\"},\"datePublished\":\"2018-05-03T10:58:23+00:00\",\"dateModified\":\"2020-01-30T15:24:06+00:00\",\"description\":\"Das Jugendg\\u00e4stehaus Finkenborn der Stadt Hameln. Inmitten des Waldes, weit ab vom Trubel des Alltags und doch in Hamelns N\\u00e4he.\",\"inLanguage\":\"de\",\"potentialAction\":[{\"@type\":\"ReadAction\",\"target\":[\"https:\/\/finkenborn.hameln.de\/\"]}]}]}<\/script>\n<!-- \/ Yoast SEO plugin. -->","_links":{"self":[{"href":"https:\/\/finkenborn.hameln.de\/index.php\/wp-json\/wp\/v2\/pages\/168"}],"collection":[{"href":"https:\/\/finkenborn.hameln.de\/index.php\/wp-json\/wp\/v2\/pages"}],"about":[{"href":"https:\/\/finkenborn.hameln.de\/index.php\/wp-json\/wp\/v2\/types\/page"}],"author":[{"embeddable":true,"href":"https:\/\/finkenborn.hameln.de\/index.php\/wp-json\/wp\/v2\/users\/2"}],"replies":[{"embeddable":true,"href":"https:\/\/finkenborn.hameln.de\/index.php\/wp-json\/wp\/v2\/comments?post=168"}],"version-history":[{"count":15,"href":"https:\/\/finkenborn.hameln.de\/index.php\/wp-json\/wp\/v2\/pages\/168\/revisions"}],"predecessor-version":[{"id":343,"href":"https:\/\/finkenborn.hameln.de\/index.php\/wp-json\/wp\/v2\/pages\/168\/revisions\/343"}],"wp:attachment":[{"href":"https:\/\/finkenborn.hameln.de\/index.php\/wp-json\/wp\/v2\/media?parent=168"}],"curies":[{"name":"wp","href":"https:\/\/api.w.org\/{rel}","templated":true}]}}