{"id":197,"date":"2018-05-03T13:55:10","date_gmt":"2018-05-03T11:55:10","guid":{"rendered":"https:\/\/finkenborn.hameln.de\/?page_id=197"},"modified":"2021-01-20T13:43:14","modified_gmt":"2021-01-20T12:43:14","slug":"mieten","status":"publish","type":"page","link":"https:\/\/finkenborn.hameln.de\/index.php\/mieten\/","title":{"rendered":"So geht\u00b4s"},"content":{"rendered":"\n<h2>Mietpreise<\/h2>\n\n\n\n<p>8,00 \u20ac je Person und Nacht zzgl. Nebenkosten und Endreinigung<br>Mindestmietpauschale: 160,00 \u20ac je Nacht<br>Wohnung: 40,00 \u20ac je Nacht<br>Tagesnutzung: Auf Anfrage<\/p>\n\n\n\n<p><strong>Achtung!<\/strong><br>Hamelner Gruppen erhalten Sonderkonditionen. Bitte fragen Sie nach!<\/p>\n\n\n\n<h2><strong>Wer kann den Finkenborn mieten?<\/strong><\/h2>\n\n\n\n<p>Das Jugendg\u00e4stehaus Finkenborn kann gemietet werden von anerkannten \u00f6ffentlichen und freien Tr\u00e4gern der Kinder- und Jugendf\u00f6rderung, Kitas, Schulen sowie Familien f\u00fcr:<br>    KiTa-Aufenthalte<br>    Klassenfahrten<br>    Kinder- und Jugendfreizeiten<br>    Projektwochen<br>    Gruppenleiterkurse<br>    Fortbildungen und Seminare<br>    Familienfreizeiten<\/p>\n\n\n\n<h2><strong>Fragen?<\/strong><\/h2>\n\n\n\n<p>Stadt Hameln<br>Abteilung Familie und Soziales <br>Jugendg\u00e4stehaus Finkenborn<br>Alte Marktstra\u00dfe 20<br>31785 Hameln <br>Tel.     05151\/202-1273  oder    05151\/202-1119<\/p>\n\n\n\n<p>Fax       05151\/202-1799 <br>Mail:    finkenborn@hameln.de <br>web Stadt Hameln:   www.hameln.de<\/p>\n","protected":false},"excerpt":{"rendered":"<p>Mietpreise 8,00 \u20ac je Person und Nacht zzgl. Nebenkosten und EndreinigungMindestmietpauschale: 160,00 \u20ac je NachtWohnung: 40,00 \u20ac je NachtTagesnutzung: Auf Anfrage Achtung!Hamelner Gruppen erhalten Sonderkonditionen. Bitte fragen Sie nach! Wer kann den Finkenborn mieten? Das Jugendg\u00e4stehaus Finkenborn kann gemietet werden von anerkannten \u00f6ffentlichen und freien Tr\u00e4gern der Kinder- und Jugendf\u00f6rderung, Kitas, Schulen sowie Familien f\u00fcr: [&hellip;]<\/p>\n","protected":false},"author":2,"featured_media":0,"parent":0,"menu_order":0,"comment_status":"closed","ping_status":"closed","template":"","meta":{"ngg_post_thumbnail":0},"yoast_head":"<!-- This site is optimized with the Yoast SEO plugin v15.6.2 - https:\/\/yoast.com\/wordpress\/plugins\/seo\/ -->\n<title>So geht\u00b4s - Finkenborn<\/title>\n<meta name=\"robots\" content=\"index, follow, max-snippet:-1, max-image-preview:large, max-video-preview:-1\" \/>\n<link rel=\"canonical\" href=\"https:\/\/finkenborn.hameln.de\/index.php\/mieten\/\" \/>\n<meta property=\"og:locale\" content=\"de_DE\" \/>\n<meta property=\"og:type\" content=\"article\" \/>\n<meta property=\"og:title\" content=\"So geht\u00b4s - Finkenborn\" \/>\n<meta property=\"og:description\" content=\"Mietpreise 8,00 \u20ac je Person und Nacht zzgl. Nebenkosten und EndreinigungMindestmietpauschale: 160,00 \u20ac je NachtWohnung: 40,00 \u20ac je NachtTagesnutzung: Auf Anfrage Achtung!Hamelner Gruppen erhalten Sonderkonditionen. Bitte fragen Sie nach! Wer kann den Finkenborn mieten? Das Jugendg\u00e4stehaus Finkenborn kann gemietet werden von anerkannten \u00f6ffentlichen und freien Tr\u00e4gern der Kinder- und Jugendf\u00f6rderung, Kitas, Schulen sowie Familien f\u00fcr: [&hellip;]\" \/>\n<meta property=\"og:url\" content=\"https:\/\/finkenborn.hameln.de\/index.php\/mieten\/\" \/>\n<meta property=\"og:site_name\" content=\"Finkenborn\" \/>\n<meta property=\"article:publisher\" content=\"https:\/\/de-de.facebook.com\/Hameln\/\" \/>\n<meta property=\"article:modified_time\" content=\"2021-01-20T12:43:14+00:00\" \/>\n<meta name=\"twitter:card\" content=\"summary_large_image\" \/>\n<meta name=\"twitter:label1\" content=\"Gesch\u00e4tzte Lesezeit\">\n\t<meta name=\"twitter:data1\" content=\"1\u00a0Minute\">\n<script type=\"application\/ld+json\" class=\"yoast-schema-graph\">{\"@context\":\"https:\/\/schema.org\",\"@graph\":[{\"@type\":\"Organization\",\"@id\":\"https:\/\/finkenborn.hameln.de\/#organization\",\"name\":\"Stadt Hameln\",\"url\":\"https:\/\/finkenborn.hameln.de\/\",\"sameAs\":[\"https:\/\/de-de.facebook.com\/Hameln\/\"],\"logo\":{\"@type\":\"ImageObject\",\"@id\":\"https:\/\/finkenborn.hameln.de\/#logo\",\"inLanguage\":\"de\",\"url\":\"https:\/\/finkenborn.hameln.de\/wp-content\/uploads\/2018\/05\/StadtHameln_Logo_rgb_250x95px.png\",\"width\":250,\"height\":95,\"caption\":\"Stadt Hameln\"},\"image\":{\"@id\":\"https:\/\/finkenborn.hameln.de\/#logo\"}},{\"@type\":\"WebSite\",\"@id\":\"https:\/\/finkenborn.hameln.de\/#website\",\"url\":\"https:\/\/finkenborn.hameln.de\/\",\"name\":\"Jugendg\\u00e4stehaus Finkenborn\",\"description\":\" Jugendg\\u00e4stehaus der Stadt Hameln\",\"publisher\":{\"@id\":\"https:\/\/finkenborn.hameln.de\/#organization\"},\"potentialAction\":[{\"@type\":\"SearchAction\",\"target\":\"https:\/\/finkenborn.hameln.de\/?s={search_term_string}\",\"query-input\":\"required name=search_term_string\"}],\"inLanguage\":\"de\"},{\"@type\":\"WebPage\",\"@id\":\"https:\/\/finkenborn.hameln.de\/index.php\/mieten\/#webpage\",\"url\":\"https:\/\/finkenborn.hameln.de\/index.php\/mieten\/\",\"name\":\"So geht\\u00b4s - Finkenborn\",\"isPartOf\":{\"@id\":\"https:\/\/finkenborn.hameln.de\/#website\"},\"datePublished\":\"2018-05-03T11:55:10+00:00\",\"dateModified\":\"2021-01-20T12:43:14+00:00\",\"inLanguage\":\"de\",\"potentialAction\":[{\"@type\":\"ReadAction\",\"target\":[\"https:\/\/finkenborn.hameln.de\/index.php\/mieten\/\"]}]}]}<\/script>\n<!-- \/ Yoast SEO plugin. -->","_links":{"self":[{"href":"https:\/\/finkenborn.hameln.de\/index.php\/wp-json\/wp\/v2\/pages\/197"}],"collection":[{"href":"https:\/\/finkenborn.hameln.de\/index.php\/wp-json\/wp\/v2\/pages"}],"about":[{"href":"https:\/\/finkenborn.hameln.de\/index.php\/wp-json\/wp\/v2\/types\/page"}],"author":[{"embeddable":true,"href":"https:\/\/finkenborn.hameln.de\/index.php\/wp-json\/wp\/v2\/users\/2"}],"replies":[{"embeddable":true,"href":"https:\/\/finkenborn.hameln.de\/index.php\/wp-json\/wp\/v2\/comments?post=197"}],"version-history":[{"count":3,"href":"https:\/\/finkenborn.hameln.de\/index.php\/wp-json\/wp\/v2\/pages\/197\/revisions"}],"predecessor-version":[{"id":361,"href":"https:\/\/finkenborn.hameln.de\/index.php\/wp-json\/wp\/v2\/pages\/197\/revisions\/361"}],"wp:attachment":[{"href":"https:\/\/finkenborn.hameln.de\/index.php\/wp-json\/wp\/v2\/media?parent=197"}],"curies":[{"name":"wp","href":"https:\/\/api.w.org\/{rel}","templated":true}]}}