{"id":23,"date":"2018-05-02T10:42:48","date_gmt":"2018-05-02T08:42:48","guid":{"rendered":"https:\/\/finkenborn.hameln.de\/?page_id=23"},"modified":"2019-04-09T12:10:14","modified_gmt":"2019-04-09T10:10:14","slug":"ein-startseiten-abschnitt","status":"publish","type":"page","link":"https:\/\/finkenborn.hameln.de\/index.php\/ein-startseiten-abschnitt\/","title":{"rendered":"Das Haus"},"content":{"rendered":"<h2>Was bietet der Finkenborn?<\/h2>\n<ul>\n<li>Schlafpl\u00e4tze f\u00fcr bis zu 36 Personen&nbsp;&nbsp;&nbsp;&nbsp;&nbsp;&nbsp;&nbsp;&nbsp;&nbsp;&nbsp;&nbsp;&nbsp; <img loading=\"lazy\" class=\"wp-image-118 alignright\" src=\"https:\/\/finkenborn.hameln.de\/wp-content\/uploads\/2018\/05\/DSC_5622-300x201.jpg\" alt=\"\" width=\"339\" height=\"227\" srcset=\"https:\/\/finkenborn.hameln.de\/wp-content\/uploads\/2018\/05\/DSC_5622-300x201.jpg 300w, https:\/\/finkenborn.hameln.de\/wp-content\/uploads\/2018\/05\/DSC_5622-768x516.jpg 768w, https:\/\/finkenborn.hameln.de\/wp-content\/uploads\/2018\/05\/DSC_5622-644x432.jpg 644w, https:\/\/finkenborn.hameln.de\/wp-content\/uploads\/2018\/05\/DSC_5622-720x483.jpg 720w\" sizes=\"(max-width: 339px) 100vw, 339px\" \/><br \/>\nHaupthaus: insgesamt 31 Pl\u00e4tze mit<br \/>\n2 Einzelzimmern,<br \/>\n2 Vierbettzimmern,<br \/>\n5 Schlafbereichen<br \/>\nNebengeb\u00e4ude: extra Wohnung<br \/>\nmit 5 Schlafpl\u00e4tzen<\/li>\n<li>Gro\u00dfe und gut ausgestattete Selbstversorgerk\u00fcche<\/li>\n<li>Gro\u00dfer Aufenthaltsraum mit Sitzbereichen,<br \/>\nHochebene, Billardtisch<\/li>\n<li>Kaminofen f\u00fcr wohlige W\u00e4rme und Gem\u00fctlichkeit<\/li>\n<li>Seminarausstattung mit Fernseher, Flipchart,<br \/>\nKleingruppenbereiche<\/li>\n<li>Geschlechtergetrennte Sanit\u00e4ranlagen<img loading=\"lazy\" class=\" wp-image-53 alignright\" src=\"https:\/\/finkenborn.hameln.de\/wp-content\/uploads\/2018\/05\/DSC_5615-300x201.jpg\" alt=\"\" width=\"336\" height=\"225\" srcset=\"https:\/\/finkenborn.hameln.de\/wp-content\/uploads\/2018\/05\/DSC_5615-300x201.jpg 300w, https:\/\/finkenborn.hameln.de\/wp-content\/uploads\/2018\/05\/DSC_5615-768x516.jpg 768w, https:\/\/finkenborn.hameln.de\/wp-content\/uploads\/2018\/05\/DSC_5615-1024x687.jpg 1024w\" sizes=\"(max-width: 336px) 100vw, 336px\" \/><\/li>\n<li>Separate heizbare Freizeithalle mit Kicker,<br \/>\nTischtennis, Werktisch, auch f\u00fcr Gruppenpartys<br \/>\nund Discos geeignet<\/li>\n<li>Au\u00dfengel\u00e4nde mit Waldklassenzimmer, Holzm\u00f6bel<br \/>\nund viel Bewegungsfl\u00e4che<\/li>\n<li>Gro\u00dfe Freizeitwiese (\u00fcber 2000qm) f\u00fcr Spiel<br \/>\nund Bewegung<\/li>\n<\/ul>\n","protected":false},"excerpt":{"rendered":"<p>Was bietet der Finkenborn? Schlafpl\u00e4tze f\u00fcr bis zu 36 Personen&nbsp;&nbsp;&nbsp;&nbsp;&nbsp;&nbsp;&nbsp;&nbsp;&nbsp;&nbsp;&nbsp;&nbsp; Haupthaus: insgesamt 31 Pl\u00e4tze mit 2 Einzelzimmern, 2 Vierbettzimmern, 5 Schlafbereichen Nebengeb\u00e4ude: extra Wohnung mit 5 Schlafpl\u00e4tzen Gro\u00dfe und gut ausgestattete Selbstversorgerk\u00fcche Gro\u00dfer Aufenthaltsraum mit Sitzbereichen, Hochebene, Billardtisch Kaminofen f\u00fcr wohlige W\u00e4rme und Gem\u00fctlichkeit Seminarausstattung mit Fernseher, Flipchart, Kleingruppenbereiche Geschlechtergetrennte Sanit\u00e4ranlagen Separate heizbare Freizeithalle mit [&hellip;]<\/p>\n","protected":false},"author":2,"featured_media":0,"parent":0,"menu_order":0,"comment_status":"closed","ping_status":"closed","template":"","meta":{"ngg_post_thumbnail":0},"yoast_head":"<!-- This site is optimized with the Yoast SEO plugin v15.6.2 - https:\/\/yoast.com\/wordpress\/plugins\/seo\/ -->\n<title>Das Haus - Finkenborn<\/title>\n<meta name=\"robots\" content=\"index, follow, max-snippet:-1, max-image-preview:large, max-video-preview:-1\" \/>\n<link rel=\"canonical\" href=\"https:\/\/finkenborn.hameln.de\/index.php\/ein-startseiten-abschnitt\/\" \/>\n<meta property=\"og:locale\" content=\"de_DE\" \/>\n<meta property=\"og:type\" content=\"article\" \/>\n<meta property=\"og:title\" content=\"Das Haus - Finkenborn\" \/>\n<meta property=\"og:description\" content=\"Was bietet der Finkenborn? Schlafpl\u00e4tze f\u00fcr bis zu 36 Personen&nbsp;&nbsp;&nbsp;&nbsp;&nbsp;&nbsp;&nbsp;&nbsp;&nbsp;&nbsp;&nbsp;&nbsp; Haupthaus: insgesamt 31 Pl\u00e4tze mit 2 Einzelzimmern, 2 Vierbettzimmern, 5 Schlafbereichen Nebengeb\u00e4ude: extra Wohnung mit 5 Schlafpl\u00e4tzen Gro\u00dfe und gut ausgestattete Selbstversorgerk\u00fcche Gro\u00dfer Aufenthaltsraum mit Sitzbereichen, Hochebene, Billardtisch Kaminofen f\u00fcr wohlige W\u00e4rme und Gem\u00fctlichkeit Seminarausstattung mit Fernseher, Flipchart, Kleingruppenbereiche Geschlechtergetrennte Sanit\u00e4ranlagen Separate heizbare Freizeithalle mit [&hellip;]\" \/>\n<meta property=\"og:url\" content=\"https:\/\/finkenborn.hameln.de\/index.php\/ein-startseiten-abschnitt\/\" \/>\n<meta property=\"og:site_name\" content=\"Finkenborn\" \/>\n<meta property=\"article:publisher\" content=\"https:\/\/de-de.facebook.com\/Hameln\/\" \/>\n<meta property=\"article:modified_time\" content=\"2019-04-09T10:10:14+00:00\" \/>\n<meta property=\"og:image\" content=\"https:\/\/finkenborn.hameln.de\/wp-content\/uploads\/2018\/05\/DSC_5622-300x201.jpg\" \/>\n<meta name=\"twitter:card\" content=\"summary_large_image\" \/>\n<meta name=\"twitter:label1\" content=\"Gesch\u00e4tzte Lesezeit\">\n\t<meta name=\"twitter:data1\" content=\"1\u00a0Minute\">\n<script type=\"application\/ld+json\" class=\"yoast-schema-graph\">{\"@context\":\"https:\/\/schema.org\",\"@graph\":[{\"@type\":\"Organization\",\"@id\":\"https:\/\/finkenborn.hameln.de\/#organization\",\"name\":\"Stadt Hameln\",\"url\":\"https:\/\/finkenborn.hameln.de\/\",\"sameAs\":[\"https:\/\/de-de.facebook.com\/Hameln\/\"],\"logo\":{\"@type\":\"ImageObject\",\"@id\":\"https:\/\/finkenborn.hameln.de\/#logo\",\"inLanguage\":\"de\",\"url\":\"https:\/\/finkenborn.hameln.de\/wp-content\/uploads\/2018\/05\/StadtHameln_Logo_rgb_250x95px.png\",\"width\":250,\"height\":95,\"caption\":\"Stadt Hameln\"},\"image\":{\"@id\":\"https:\/\/finkenborn.hameln.de\/#logo\"}},{\"@type\":\"WebSite\",\"@id\":\"https:\/\/finkenborn.hameln.de\/#website\",\"url\":\"https:\/\/finkenborn.hameln.de\/\",\"name\":\"Jugendg\\u00e4stehaus Finkenborn\",\"description\":\" Jugendg\\u00e4stehaus der Stadt Hameln\",\"publisher\":{\"@id\":\"https:\/\/finkenborn.hameln.de\/#organization\"},\"potentialAction\":[{\"@type\":\"SearchAction\",\"target\":\"https:\/\/finkenborn.hameln.de\/?s={search_term_string}\",\"query-input\":\"required name=search_term_string\"}],\"inLanguage\":\"de\"},{\"@type\":\"ImageObject\",\"@id\":\"https:\/\/finkenborn.hameln.de\/index.php\/ein-startseiten-abschnitt\/#primaryimage\",\"inLanguage\":\"de\",\"url\":\"https:\/\/finkenborn.hameln.de\/wp-content\/uploads\/2018\/05\/DSC_5622.jpg\",\"width\":2896,\"height\":1944},{\"@type\":\"WebPage\",\"@id\":\"https:\/\/finkenborn.hameln.de\/index.php\/ein-startseiten-abschnitt\/#webpage\",\"url\":\"https:\/\/finkenborn.hameln.de\/index.php\/ein-startseiten-abschnitt\/\",\"name\":\"Das Haus - Finkenborn\",\"isPartOf\":{\"@id\":\"https:\/\/finkenborn.hameln.de\/#website\"},\"primaryImageOfPage\":{\"@id\":\"https:\/\/finkenborn.hameln.de\/index.php\/ein-startseiten-abschnitt\/#primaryimage\"},\"datePublished\":\"2018-05-02T08:42:48+00:00\",\"dateModified\":\"2019-04-09T10:10:14+00:00\",\"inLanguage\":\"de\",\"potentialAction\":[{\"@type\":\"ReadAction\",\"target\":[\"https:\/\/finkenborn.hameln.de\/index.php\/ein-startseiten-abschnitt\/\"]}]}]}<\/script>\n<!-- \/ Yoast SEO plugin. -->","_links":{"self":[{"href":"https:\/\/finkenborn.hameln.de\/index.php\/wp-json\/wp\/v2\/pages\/23"}],"collection":[{"href":"https:\/\/finkenborn.hameln.de\/index.php\/wp-json\/wp\/v2\/pages"}],"about":[{"href":"https:\/\/finkenborn.hameln.de\/index.php\/wp-json\/wp\/v2\/types\/page"}],"author":[{"embeddable":true,"href":"https:\/\/finkenborn.hameln.de\/index.php\/wp-json\/wp\/v2\/users\/2"}],"replies":[{"embeddable":true,"href":"https:\/\/finkenborn.hameln.de\/index.php\/wp-json\/wp\/v2\/comments?post=23"}],"version-history":[{"count":15,"href":"https:\/\/finkenborn.hameln.de\/index.php\/wp-json\/wp\/v2\/pages\/23\/revisions"}],"predecessor-version":[{"id":327,"href":"https:\/\/finkenborn.hameln.de\/index.php\/wp-json\/wp\/v2\/pages\/23\/revisions\/327"}],"wp:attachment":[{"href":"https:\/\/finkenborn.hameln.de\/index.php\/wp-json\/wp\/v2\/media?parent=23"}],"curies":[{"name":"wp","href":"https:\/\/api.w.org\/{rel}","templated":true}]}}