{"id":324,"date":"2019-04-09T12:17:48","date_gmt":"2019-04-09T10:17:48","guid":{"rendered":"https:\/\/finkenborn.hameln.de\/?page_id=324"},"modified":"2019-04-09T12:17:49","modified_gmt":"2019-04-09T10:17:49","slug":"impressum","status":"publish","type":"page","link":"https:\/\/finkenborn.hameln.de\/index.php\/impressum\/","title":{"rendered":"Impressum"},"content":{"rendered":"\n<h2>Herausgeber:<\/h2>\n\n\n\n<p>Stadt Hameln<br>Der Oberb\u00fcrgermeister<br>Claudio Griese<br>Rathausplatz 1<br>31785 Hameln<br>Tel.: (0 51 51) 2 02-0<br>Fax: (0 51 51) 2 02-15 69<br>E-Mail: <a href=\"mailto:rathaus@hameln.de\">rathaus@hameln.de<\/a> <\/p>\n\n\n\n<p>Die Stadt Hameln ist eine K\u00f6rperschaft des \u00d6ffentlichen Rechts.<\/p>\n\n\n\n<p>Umsatzsteuer-Identifikationsnummer gem\u00e4\u00df \u00a7 27 a Umsatzsteuergesetz: DE115446613<\/p>\n\n\n\n<p>Copyright \u00a9 Stadt Hameln 1996-2016<\/p>\n\n\n\n<p>Alle Rechte vorbehalten. Jegliche Vervielf\u00e4ltigung oder \nWeiterverbreitung in jedem Medium als Ganzes oder in Teilen bedarf der \nschriftlichen Zustimmung der Stadt Hameln.<\/p>\n\n\n\n<h3>Redaktion und Inhalt <\/h3>\n\n\n\n<p>Abteilung Familie und Soziales<br>Marc Telgheder<br>Tel.: (0 51 51) 2 02- 30 47<br>E-Mail: <a href=\"mailto:kreft@hameln.de\">telgheder@hameln.de<\/a> <\/p>\n\n\n\n<h3>Fotografien<\/h3>\n\n\n\n<p>Marc Telgheder<\/p>\n\n\n\n<h2> Aktuelles\/Presse <\/h2>\n\n\n\n<p>Referat Strategische Grundsatzfragen, Wirtschaftsf\u00f6rderung und \u00d6ffentlichkeitsarbeit<br>Thomas Wahmes<br>Tel.: (0 51 51) 2 02-13 19<br>E-Mail: <a href=\"mailto:pressestelle@hameln.de\">pressestelle@hameln.de<\/a> <\/p>\n\n\n\n<h3>Rechtlicher Hinweis<\/h3>\n\n\n\n<p>Die Stadt Hameln ist um die Richtigkeit und Aktualit\u00e4t \naller auf ihrer Website enthaltenen Informationen und Daten bem\u00fcht. Eine\n Haftung oder Garantie f\u00fcr die Aktualit\u00e4t, Richtigkeit und \nVollst\u00e4ndigkeit der zur Verf\u00fcgung gestellten Informationen und Daten ist\n jedoch ausgeschlossen.<br>F\u00fcr die Inhalte von Websites, auf die mittels\n Hyperlinks verwiesen wird, ist eine Haftung oder Garantie ebenfalls \nausgeschlossen. Die Stadt Hameln verweist auf ihrer Website mit Links \nund Bannern auf andere Seiten im Internet. F\u00fcr alle diese Verlinkungen \ngilt: Die Stadt Hameln betont, dass sie keinerlei Einfluss auf die \nGestaltung und die Inhalte der von ihr gelinkten Seiten hat. Deshalb \ndistanziert sich die Stadt Hameln ausdr\u00fccklich von allen Inhalten aller \ngelinkten Seiten auf der gesamten Homepage einschlie\u00dflich aller \nUnterseiten. <\/p>\n\n\n\n<p>Hinweis zur Online-Streitbeilegung gem\u00e4\u00df Art. 14 Abs. 1 \nODR-VO: Die Europ\u00e4ische Kommission stellt eine Plattform zur \nOnline-Streitbeilegung (OS) bereit, die Sie unter <a href=\"https:\/\/news.dtvdata.de\/ncopen.php?nid=2989&amp;aid=11499&amp;apid=1&amp;url=https:\/\/ec.europa.eu\/consumers\/odr\/main\/index.cfm?event=main.home2.show&amp;lng=DE\" target=\"_blank\" rel=\"noreferrer noopener\">https:\/\/ec.europa.eu\/consumers\/odr\/<\/a> finden.<\/p>\n\n\n\n<p><\/p>\n","protected":false},"excerpt":{"rendered":"<p>Herausgeber: Stadt HamelnDer Oberb\u00fcrgermeisterClaudio GrieseRathausplatz 131785 HamelnTel.: (0 51 51) 2 02-0Fax: (0 51 51) 2 02-15 69E-Mail: rathaus@hameln.de Die Stadt Hameln ist eine K\u00f6rperschaft des \u00d6ffentlichen Rechts. Umsatzsteuer-Identifikationsnummer gem\u00e4\u00df \u00a7 27 a Umsatzsteuergesetz: DE115446613 Copyright \u00a9 Stadt Hameln 1996-2016 Alle Rechte vorbehalten. Jegliche Vervielf\u00e4ltigung oder Weiterverbreitung in jedem Medium als Ganzes oder in Teilen [&hellip;]<\/p>\n","protected":false},"author":2,"featured_media":0,"parent":0,"menu_order":0,"comment_status":"closed","ping_status":"closed","template":"","meta":{"ngg_post_thumbnail":0},"yoast_head":"<!-- This site is optimized with the Yoast SEO plugin v15.6.2 - https:\/\/yoast.com\/wordpress\/plugins\/seo\/ -->\n<title>Impressum - Finkenborn<\/title>\n<meta name=\"robots\" content=\"index, follow, max-snippet:-1, max-image-preview:large, max-video-preview:-1\" \/>\n<link rel=\"canonical\" href=\"https:\/\/finkenborn.hameln.de\/index.php\/impressum\/\" \/>\n<meta property=\"og:locale\" content=\"de_DE\" \/>\n<meta property=\"og:type\" content=\"article\" \/>\n<meta property=\"og:title\" content=\"Impressum - Finkenborn\" \/>\n<meta property=\"og:description\" content=\"Herausgeber: Stadt HamelnDer Oberb\u00fcrgermeisterClaudio GrieseRathausplatz 131785 HamelnTel.: (0 51 51) 2 02-0Fax: (0 51 51) 2 02-15 69E-Mail: rathaus@hameln.de Die Stadt Hameln ist eine K\u00f6rperschaft des \u00d6ffentlichen Rechts. Umsatzsteuer-Identifikationsnummer gem\u00e4\u00df \u00a7 27 a Umsatzsteuergesetz: DE115446613 Copyright \u00a9 Stadt Hameln 1996-2016 Alle Rechte vorbehalten. Jegliche Vervielf\u00e4ltigung oder Weiterverbreitung in jedem Medium als Ganzes oder in Teilen [&hellip;]\" \/>\n<meta property=\"og:url\" content=\"https:\/\/finkenborn.hameln.de\/index.php\/impressum\/\" \/>\n<meta property=\"og:site_name\" content=\"Finkenborn\" \/>\n<meta property=\"article:publisher\" content=\"https:\/\/de-de.facebook.com\/Hameln\/\" \/>\n<meta property=\"article:modified_time\" content=\"2019-04-09T10:17:49+00:00\" \/>\n<meta name=\"twitter:card\" content=\"summary_large_image\" \/>\n<meta name=\"twitter:label1\" content=\"Gesch\u00e4tzte Lesezeit\">\n\t<meta name=\"twitter:data1\" content=\"1\u00a0Minute\">\n<script type=\"application\/ld+json\" class=\"yoast-schema-graph\">{\"@context\":\"https:\/\/schema.org\",\"@graph\":[{\"@type\":\"Organization\",\"@id\":\"https:\/\/finkenborn.hameln.de\/#organization\",\"name\":\"Stadt Hameln\",\"url\":\"https:\/\/finkenborn.hameln.de\/\",\"sameAs\":[\"https:\/\/de-de.facebook.com\/Hameln\/\"],\"logo\":{\"@type\":\"ImageObject\",\"@id\":\"https:\/\/finkenborn.hameln.de\/#logo\",\"inLanguage\":\"de\",\"url\":\"https:\/\/finkenborn.hameln.de\/wp-content\/uploads\/2018\/05\/StadtHameln_Logo_rgb_250x95px.png\",\"width\":250,\"height\":95,\"caption\":\"Stadt Hameln\"},\"image\":{\"@id\":\"https:\/\/finkenborn.hameln.de\/#logo\"}},{\"@type\":\"WebSite\",\"@id\":\"https:\/\/finkenborn.hameln.de\/#website\",\"url\":\"https:\/\/finkenborn.hameln.de\/\",\"name\":\"Jugendg\\u00e4stehaus Finkenborn\",\"description\":\" Jugendg\\u00e4stehaus der Stadt Hameln\",\"publisher\":{\"@id\":\"https:\/\/finkenborn.hameln.de\/#organization\"},\"potentialAction\":[{\"@type\":\"SearchAction\",\"target\":\"https:\/\/finkenborn.hameln.de\/?s={search_term_string}\",\"query-input\":\"required name=search_term_string\"}],\"inLanguage\":\"de\"},{\"@type\":\"WebPage\",\"@id\":\"https:\/\/finkenborn.hameln.de\/index.php\/impressum\/#webpage\",\"url\":\"https:\/\/finkenborn.hameln.de\/index.php\/impressum\/\",\"name\":\"Impressum - Finkenborn\",\"isPartOf\":{\"@id\":\"https:\/\/finkenborn.hameln.de\/#website\"},\"datePublished\":\"2019-04-09T10:17:48+00:00\",\"dateModified\":\"2019-04-09T10:17:49+00:00\",\"inLanguage\":\"de\",\"potentialAction\":[{\"@type\":\"ReadAction\",\"target\":[\"https:\/\/finkenborn.hameln.de\/index.php\/impressum\/\"]}]}]}<\/script>\n<!-- \/ Yoast SEO plugin. -->","_links":{"self":[{"href":"https:\/\/finkenborn.hameln.de\/index.php\/wp-json\/wp\/v2\/pages\/324"}],"collection":[{"href":"https:\/\/finkenborn.hameln.de\/index.php\/wp-json\/wp\/v2\/pages"}],"about":[{"href":"https:\/\/finkenborn.hameln.de\/index.php\/wp-json\/wp\/v2\/types\/page"}],"author":[{"embeddable":true,"href":"https:\/\/finkenborn.hameln.de\/index.php\/wp-json\/wp\/v2\/users\/2"}],"replies":[{"embeddable":true,"href":"https:\/\/finkenborn.hameln.de\/index.php\/wp-json\/wp\/v2\/comments?post=324"}],"version-history":[{"count":2,"href":"https:\/\/finkenborn.hameln.de\/index.php\/wp-json\/wp\/v2\/pages\/324\/revisions"}],"predecessor-version":[{"id":331,"href":"https:\/\/finkenborn.hameln.de\/index.php\/wp-json\/wp\/v2\/pages\/324\/revisions\/331"}],"wp:attachment":[{"href":"https:\/\/finkenborn.hameln.de\/index.php\/wp-json\/wp\/v2\/media?parent=324"}],"curies":[{"name":"wp","href":"https:\/\/api.w.org\/{rel}","templated":true}]}}